{"id":5944,"date":"2020-05-21T12:03:37","date_gmt":"2020-05-21T16:03:37","guid":{"rendered":"https:\/\/afroticket.ca\/?page_id=5944"},"modified":"2023-10-25T05:05:23","modified_gmt":"2023-10-25T09:05:23","slug":"conditions-dutilisation","status":"publish","type":"page","link":"https:\/\/afroticket.ca\/fr\/conditions-dutilisation\/","title":{"rendered":"Conditions d&#039;utilisation"},"content":{"rendered":"<div data-elementor-type=\"wp-page\" data-elementor-id=\"5944\" class=\"elementor elementor-5944\" data-elementor-post-type=\"page\">\n\t\t\t\t\t\t<section class=\"elementor-section elementor-top-section elementor-element elementor-element-d92b597 elementor-section-boxed elementor-section-height-default elementor-section-height-default\" data-id=\"d92b597\" data-element_type=\"section\" data-settings=\"{&quot;background_background&quot;:&quot;classic&quot;}\">\n\t\t\t\t\t\t<div class=\"elementor-container elementor-column-gap-default\">\n\t\t\t\t\t<div class=\"elementor-column elementor-col-100 elementor-top-column elementor-element elementor-element-c516b0b\" data-id=\"c516b0b\" data-element_type=\"column\">\n\t\t\t<div class=\"elementor-widget-wrap elementor-element-populated\">\n\t\t\t\t\t\t<div class=\"elementor-element elementor-element-3a47e84 elementor-widget__width-initial elementor-absolute elementor-widget elementor-widget-spacer\" data-id=\"3a47e84\" data-element_type=\"widget\" data-settings=\"{&quot;_position&quot;:&quot;absolute&quot;,&quot;motion_fx_motion_fx_mouse&quot;:&quot;yes&quot;,&quot;motion_fx_mouseTrack_effect&quot;:&quot;yes&quot;,&quot;motion_fx_mouseTrack_speed&quot;:{&quot;unit&quot;:&quot;px&quot;,&quot;size&quot;:0.5,&quot;sizes&quot;:[]}}\" data-widget_type=\"spacer.default\">\n\t\t\t\t<div class=\"elementor-widget-container\">\n\t\t\t\t\t\t\t<div class=\"elementor-spacer\">\n\t\t\t<div class=\"elementor-spacer-inner\"><\/div>\n\t\t<\/div>\n\t\t\t\t\t\t<\/div>\n\t\t\t\t<\/div>\n\t\t\t\t<div class=\"elementor-element elementor-element-2e7dd7a elementor-widget__width-initial elementor-absolute elementor-hidden-mobile elementor-widget elementor-widget-spacer\" data-id=\"2e7dd7a\" data-element_type=\"widget\" data-settings=\"{&quot;_position&quot;:&quot;absolute&quot;,&quot;motion_fx_motion_fx_mouse&quot;:&quot;yes&quot;,&quot;motion_fx_mouseTrack_effect&quot;:&quot;yes&quot;,&quot;motion_fx_mouseTrack_direction&quot;:&quot;negative&quot;,&quot;motion_fx_mouseTrack_speed&quot;:{&quot;unit&quot;:&quot;px&quot;,&quot;size&quot;:1,&quot;sizes&quot;:[]}}\" data-widget_type=\"spacer.default\">\n\t\t\t\t<div class=\"elementor-widget-container\">\n\t\t\t\t\t\t\t<div class=\"elementor-spacer\">\n\t\t\t<div class=\"elementor-spacer-inner\"><\/div>\n\t\t<\/div>\n\t\t\t\t\t\t<\/div>\n\t\t\t\t<\/div>\n\t\t\t\t<section class=\"elementor-section elementor-inner-section elementor-element elementor-element-3a744e5 elementor-section-boxed elementor-section-height-default elementor-section-height-default\" data-id=\"3a744e5\" data-element_type=\"section\">\n\t\t\t\t\t\t<div class=\"elementor-container elementor-column-gap-default\">\n\t\t\t\t\t<div class=\"elementor-column elementor-col-100 elementor-inner-column elementor-element elementor-element-33e6ac4\" data-id=\"33e6ac4\" data-element_type=\"column\">\n\t\t\t<div class=\"elementor-widget-wrap elementor-element-populated\">\n\t\t\t\t\t\t\t<\/div>\n\t\t<\/div>\n\t\t\t\t\t<\/div>\n\t\t<\/section>\n\t\t\t\t\t<\/div>\n\t\t<\/div>\n\t\t\t\t\t<\/div>\n\t\t<\/section>\n\t\t<div class=\"elementor-element elementor-element-30026d3 e-flex e-con-boxed e-con e-parent\" data-id=\"30026d3\" data-element_type=\"container\">\n\t\t\t\t\t<div class=\"e-con-inner\">\n\t\t\t\t<div class=\"elementor-element elementor-element-0b6ec7f elementor-widget elementor-widget-text-editor\" data-id=\"0b6ec7f\" data-element_type=\"widget\" data-widget_type=\"text-editor.default\">\n\t\t\t\t<div class=\"elementor-widget-container\">\n\t\t\t\t\t\t\t\t\t<p><strong>Derni\u00e8re mise \u00e0 jour\u00a0: [25-10-2024]<\/strong><br \/><br \/><\/p>\n<p><strong>1. Introduction<\/strong><\/p>\n<p>Bienvenue sur Afroticket\u00a0! Les pr\u00e9sentes Conditions d&#039;utilisation (les \u00ab\u00a0Conditions\u00a0\u00bb) r\u00e9gissent votre acc\u00e8s et votre utilisation des sites web, services et applications d&#039;Afroticket (collectivement, les \u00ab\u00a0Services\u00a0\u00bb). Veuillez lire attentivement ces Conditions. En acc\u00e9dant \u00e0 nos Services ou en les utilisant, vous acceptez d&#039;\u00eatre li\u00e9 par les pr\u00e9sentes Conditions et par notre Politique de confidentialit\u00e9.<\/p>\n<p><strong>2. D\u00e9finitions<\/strong><\/p>\n<ul>\n<li>\u00ab Organisateur d\u2019\u00e9v\u00e9nements \u00bb d\u00e9signe les personnes ou entit\u00e9s qui utilisent nos Services pour cr\u00e9er, promouvoir et g\u00e9rer des \u00e9v\u00e9nements.<\/li>\n<li>\u00ab Utilisateur \u00bb, \u00ab vous \u00bb ou \u00ab votre \u00bb fait r\u00e9f\u00e9rence aux personnes ou entit\u00e9s acc\u00e9dant ou utilisant nos Services.<\/li>\n<li>\u00ab Contenu \u00bb fait r\u00e9f\u00e9rence au texte, aux graphiques, aux images, \u00e0 la musique, aux logiciels, \u00e0 l\u2019audio, \u00e0 la vid\u00e9o, aux informations ou \u00e0 d\u2019autres \u00e9l\u00e9ments disponibles via nos Services.<\/li>\n<\/ul>\n<p><strong>3. Modifications des conditions<\/strong><\/p>\n<p>Afroticket se r\u00e9serve le droit de modifier les pr\u00e9sentes Conditions \u00e0 tout moment. Nous publierons la version la plus r\u00e9cente des pr\u00e9sentes Conditions sur notre site web. Si vous continuez \u00e0 utiliser les Services apr\u00e8s l&#039;entr\u00e9e en vigueur des modifications, vous acceptez d&#039;\u00eatre li\u00e9 par les Conditions r\u00e9vis\u00e9es.<\/p>\n<p><strong>4. Acc\u00e8s et utilisation de nos services<\/strong><\/p>\n<ul>\n<li><strong>Comptes<\/strong>: Vous devrez peut-\u00eatre cr\u00e9er un compte pour acc\u00e9der \u00e0 certains de nos services. Vous \u00eates responsable de la confidentialit\u00e9 de votre mot de passe et de toutes les activit\u00e9s effectu\u00e9es sous votre compte.<\/li>\n<li><strong>Votre contenu<\/strong>Vous conservez tous les droits sur le Contenu que vous soumettez aux Services. Vous accordez \u00e0 Afroticket une licence mondiale et libre de droits pour utiliser, reproduire, modifier et distribuer votre Contenu afin de fournir les Services.<\/li>\n<li><strong>Activit\u00e9s interdites<\/strong>Vous \u00eates responsable de votre conduite et du Contenu que vous utilisez lors de l&#039;utilisation des Services. Vous devez respecter nos politiques et toutes les lois applicables.<\/li>\n<\/ul>\n<p><strong>5. Notre r\u00f4le<\/strong><\/p>\n<p>Afroticket offre une plateforme aux organisateurs d&#039;\u00e9v\u00e9nements et aux participants. Nous ne sommes ni le cr\u00e9ateur, ni l&#039;organisateur, ni le propri\u00e9taire des \u00e9v\u00e9nements propos\u00e9s sur les Services. Les organisateurs sont seuls responsables de leurs \u00e9v\u00e9nements.<\/p>\n<p><strong>6. Billets et paiements<\/strong><\/p>\n<p>Les organisateurs d&#039;\u00e9v\u00e9nements d\u00e9terminent le prix des billets et leur mode de vente. Nous ne sommes pas responsables des transactions entre les organisateurs d&#039;\u00e9v\u00e9nements et les acheteurs de billets.<\/p>\n<p><strong>7. Annulations, remboursements et litiges<\/strong><\/p>\n<p>Les organisateurs d&#039;\u00e9v\u00e9nements d\u00e9finissent leurs propres politiques d&#039;annulation et de remboursement. Tout litige doit \u00eatre r\u00e9solu directement entre eux et les participants.<\/p>\n<p><strong>8. Propri\u00e9t\u00e9 intellectuelle<\/strong><\/p>\n<p>Les Services et toute propri\u00e9t\u00e9 intellectuelle associ\u00e9e sont la propri\u00e9t\u00e9 d&#039;Afroticket ou de nos conc\u00e9dants de licence. Vous ne pouvez reproduire, redistribuer ou exploiter commercialement aucune partie des Services sans notre consentement \u00e9crit.<\/p>\n<p><strong>9. R\u00e9siliation<\/strong><\/p>\n<p>Nous nous r\u00e9servons le droit de suspendre ou de r\u00e9silier votre acc\u00e8s aux Services si vous violez ces Conditions.<\/p>\n<p><strong>10. Avis de non-responsabilit\u00e9 et limitations de responsabilit\u00e9<\/strong><\/p>\n<p>Nos Services sont fournis \u00ab\u00a0en l&#039;\u00e9tat\u00a0\u00bb sans aucune garantie. Nous d\u00e9clinons toute responsabilit\u00e9 en cas de dommages li\u00e9s \u00e0 votre utilisation ou \u00e0 votre incapacit\u00e9 \u00e0 utiliser nos Services.<\/p>\n<p><strong>11. Loi applicable<\/strong><\/p>\n<p>Les pr\u00e9sentes conditions sont r\u00e9gies par les lois du Canada, sans \u00e9gard \u00e0 ses r\u00e8gles de conflit de lois.<\/p>\n<p><strong>12. Coordonn\u00e9es<\/strong><\/p>\n<p>Pour toute question concernant ces conditions, veuillez nous contacter \u00e0 <a href=\"mailto:info@afroticket.ca\">info@afroticket.ca<\/a>.<\/p>\t\t\t\t\t\t\t\t<\/div>\n\t\t\t\t<\/div>\n\t\t\t\t\t<\/div>\n\t\t\t\t<\/div>\n\t\t\t\t<\/div>","protected":false},"excerpt":{"rendered":"<p>Last updated: [25-10-2024] 1. Introduction Welcome to Afroticket! These Terms of Service (&#8220;Terms&#8221;) govern your access to and use of Afroticket&#8217;s websites, services, and applications (collectively, the &#8220;Services&#8221;). Please read these Terms carefully. By accessing or using our Services, you agree to be bound by these Terms and by our Privacy Policy. 2. Definitions &#8220;Event [&hellip;]<\/p>","protected":false},"author":1,"featured_media":0,"parent":0,"menu_order":0,"comment_status":"closed","ping_status":"closed","template":"elementor_header_footer","meta":{"footnotes":""},"class_list":["post-5944","page","type-page","status-publish","hentry"],"_links":{"self":[{"href":"https:\/\/afroticket.ca\/fr\/wp-json\/wp\/v2\/pages\/5944","targetHints":{"allow":["GET"]}}],"collection":[{"href":"https:\/\/afroticket.ca\/fr\/wp-json\/wp\/v2\/pages"}],"about":[{"href":"https:\/\/afroticket.ca\/fr\/wp-json\/wp\/v2\/types\/page"}],"author":[{"embeddable":true,"href":"https:\/\/afroticket.ca\/fr\/wp-json\/wp\/v2\/users\/1"}],"replies":[{"embeddable":true,"href":"https:\/\/afroticket.ca\/fr\/wp-json\/wp\/v2\/comments?post=5944"}],"version-history":[{"count":10,"href":"https:\/\/afroticket.ca\/fr\/wp-json\/wp\/v2\/pages\/5944\/revisions"}],"predecessor-version":[{"id":10639,"href":"https:\/\/afroticket.ca\/fr\/wp-json\/wp\/v2\/pages\/5944\/revisions\/10639"}],"wp:attachment":[{"href":"https:\/\/afroticket.ca\/fr\/wp-json\/wp\/v2\/media?parent=5944"}],"curies":[{"name":"wp","href":"https:\/\/api.w.org\/{rel}","templated":true}]}}