{"id":5495,"date":"2020-04-21T09:10:39","date_gmt":"2020-04-21T13:10:39","guid":{"rendered":"https:\/\/afroticket.ca\/?page_id=5495"},"modified":"2023-10-25T05:12:12","modified_gmt":"2023-10-25T09:12:12","slug":"politique-de-confidentialite","status":"publish","type":"page","link":"https:\/\/afroticket.ca\/fr\/politique-de-confidentialite\/","title":{"rendered":"Politique de confidentialit\u00e9"},"content":{"rendered":"<div data-elementor-type=\"wp-page\" data-elementor-id=\"5495\" class=\"elementor elementor-5495\" data-elementor-post-type=\"page\">\n\t\t\t\t\t\t<section class=\"elementor-section elementor-top-section elementor-element elementor-element-b1bce5b elementor-section-boxed elementor-section-height-default elementor-section-height-default\" data-id=\"b1bce5b\" data-element_type=\"section\" data-settings=\"{&quot;background_background&quot;:&quot;classic&quot;}\">\n\t\t\t\t\t\t<div class=\"elementor-container elementor-column-gap-default\">\n\t\t\t\t\t<div class=\"elementor-column elementor-col-100 elementor-top-column elementor-element elementor-element-cf0bb9c\" data-id=\"cf0bb9c\" data-element_type=\"column\">\n\t\t\t<div class=\"elementor-widget-wrap elementor-element-populated\">\n\t\t\t\t\t\t<div class=\"elementor-element elementor-element-9213c1d elementor-widget__width-initial elementor-absolute elementor-widget elementor-widget-spacer\" data-id=\"9213c1d\" data-element_type=\"widget\" data-settings=\"{&quot;_position&quot;:&quot;absolute&quot;,&quot;motion_fx_motion_fx_mouse&quot;:&quot;yes&quot;,&quot;motion_fx_mouseTrack_effect&quot;:&quot;yes&quot;,&quot;motion_fx_mouseTrack_speed&quot;:{&quot;unit&quot;:&quot;px&quot;,&quot;size&quot;:0.5,&quot;sizes&quot;:[]}}\" data-widget_type=\"spacer.default\">\n\t\t\t\t<div class=\"elementor-widget-container\">\n\t\t\t\t\t\t\t<div class=\"elementor-spacer\">\n\t\t\t<div class=\"elementor-spacer-inner\"><\/div>\n\t\t<\/div>\n\t\t\t\t\t\t<\/div>\n\t\t\t\t<\/div>\n\t\t\t\t<div class=\"elementor-element elementor-element-d2d2151 elementor-widget__width-initial elementor-absolute elementor-hidden-mobile elementor-widget elementor-widget-spacer\" data-id=\"d2d2151\" data-element_type=\"widget\" data-settings=\"{&quot;_position&quot;:&quot;absolute&quot;,&quot;motion_fx_motion_fx_mouse&quot;:&quot;yes&quot;,&quot;motion_fx_mouseTrack_effect&quot;:&quot;yes&quot;,&quot;motion_fx_mouseTrack_direction&quot;:&quot;negative&quot;,&quot;motion_fx_mouseTrack_speed&quot;:{&quot;unit&quot;:&quot;px&quot;,&quot;size&quot;:1,&quot;sizes&quot;:[]}}\" data-widget_type=\"spacer.default\">\n\t\t\t\t<div class=\"elementor-widget-container\">\n\t\t\t\t\t\t\t<div class=\"elementor-spacer\">\n\t\t\t<div class=\"elementor-spacer-inner\"><\/div>\n\t\t<\/div>\n\t\t\t\t\t\t<\/div>\n\t\t\t\t<\/div>\n\t\t\t\t<section class=\"elementor-section elementor-inner-section elementor-element elementor-element-bc1633f elementor-section-boxed elementor-section-height-default elementor-section-height-default\" data-id=\"bc1633f\" data-element_type=\"section\">\n\t\t\t\t\t\t<div class=\"elementor-container elementor-column-gap-default\">\n\t\t\t\t\t<div class=\"elementor-column elementor-col-100 elementor-inner-column elementor-element elementor-element-8636f9d\" data-id=\"8636f9d\" data-element_type=\"column\">\n\t\t\t<div class=\"elementor-widget-wrap elementor-element-populated\">\n\t\t\t\t\t\t\t<\/div>\n\t\t<\/div>\n\t\t\t\t\t<\/div>\n\t\t<\/section>\n\t\t\t\t\t<\/div>\n\t\t<\/div>\n\t\t\t\t\t<\/div>\n\t\t<\/section>\n\t\t<div class=\"elementor-element elementor-element-5811cc9 e-flex e-con-boxed e-con e-parent\" data-id=\"5811cc9\" data-element_type=\"container\">\n\t\t\t\t\t<div class=\"e-con-inner\">\n\t\t\t\t<div class=\"elementor-element elementor-element-f8b8a24 elementor-widget elementor-widget-text-editor\" data-id=\"f8b8a24\" data-element_type=\"widget\" data-widget_type=\"text-editor.default\">\n\t\t\t\t<div class=\"elementor-widget-container\">\n\t\t\t\t\t\t\t\t\t<p><strong>Derni\u00e8re mise \u00e0 jour\u00a0: [25-10-2024]<\/strong><br \/><br \/><\/p>\n<p><strong>1. Introduction<\/strong><\/p>\n<p>Afroticket s&#039;engage \u00e0 prot\u00e9ger votre vie priv\u00e9e. Cette politique de confidentialit\u00e9 explique comment nous collectons, utilisons, divulguons et prot\u00e9geons vos informations lorsque vous visitez notre site web et utilisez nos services. Veuillez lire attentivement cette politique. Si vous n&#039;acceptez pas ses termes, veuillez ne pas acc\u00e9der au site ni utiliser nos services.<\/p>\n<p><strong>2. Informations que nous collectons<\/strong><\/p>\n<p>Nous pouvons collecter des informations vous concernant de diverses mani\u00e8res. Les informations que nous collectons sur le Site incluent\u00a0:<\/p>\n<ul>\n<li><strong>Donn\u00e9es personnelles<\/strong>: Informations personnelles identifiables, telles que votre nom, votre adresse de livraison, votre adresse e-mail et votre num\u00e9ro de t\u00e9l\u00e9phone, ainsi que des informations d\u00e9mographiques, telles que votre \u00e2ge, votre sexe, votre ville natale et vos centres d&#039;int\u00e9r\u00eat, que vous nous fournissez volontairement lorsque vous vous inscrivez sur le Site ou lorsque vous choisissez de participer \u00e0 diverses activit\u00e9s li\u00e9es au Site, telles que le chat en ligne et les forums de discussion.<\/li>\n<li><strong>Donn\u00e9es d\u00e9riv\u00e9es<\/strong>: Informations que nos serveurs collectent automatiquement lorsque vous acc\u00e9dez au Site, telles que votre adresse IP, votre type de navigateur, votre syst\u00e8me d&#039;exploitation, vos heures d&#039;acc\u00e8s et les pages que vous avez consult\u00e9es directement avant et apr\u00e8s avoir acc\u00e9d\u00e9 au Site.<\/li>\n<li><strong>Donn\u00e9es financi\u00e8res<\/strong>: Informations financi\u00e8res, telles que les donn\u00e9es relatives \u00e0 votre mode de paiement (par exemple, num\u00e9ro de carte de cr\u00e9dit valide, marque de carte, date d&#039;expiration) que nous pouvons collecter lorsque vous achetez, commandez, retournez, \u00e9changez ou demandez des informations sur nos services \u00e0 partir du Site.<\/li>\n<li><strong>Donn\u00e9es des r\u00e9seaux sociaux<\/strong>: Informations utilisateur provenant de sites de r\u00e9seaux sociaux, tels que [Apple Game Center, Facebook, Google+, Instagram, Pinterest, Twitter], y compris votre nom, votre nom d&#039;utilisateur de r\u00e9seau social, votre emplacement, votre sexe, votre date de naissance, votre adresse e-mail, votre photo de profil et les donn\u00e9es publiques de vos contacts, si vous connectez votre compte \u00e0 ces r\u00e9seaux sociaux.<\/li>\n<\/ul>\n<p><strong>3. Comment nous utilisons vos informations<\/strong><\/p>\n<p>Nous utilisons les informations que nous collectons de diverses mani\u00e8res, notamment pour\u00a0:<\/p>\n<ul>\n<li>Cr\u00e9ez et g\u00e9rez votre compte.<\/li>\n<li>Vous envoyer un e-mail concernant votre compte ou votre commande.<\/li>\n<li>Ex\u00e9cuter et g\u00e9rer les achats, commandes, paiements et autres transactions li\u00e9es au Site.<\/li>\n<li>G\u00e9n\u00e9rer un profil personnel sur vous pour rendre vos futures visites sur le Site plus personnalis\u00e9es.<\/li>\n<li>Augmenter l\u2019efficacit\u00e9 et le fonctionnement du Site.<\/li>\n<li>Surveillez et analysez l&#039;utilisation et les tendances pour am\u00e9liorer votre exp\u00e9rience avec le Site.<\/li>\n<li>Vous informer des mises \u00e0 jour du Site et des produits.<\/li>\n<li>Vous proposer de nouveaux produits, services et\/ou recommandations.<\/li>\n<li>Effectuer d\u2019autres activit\u00e9s commerciales selon les besoins.<\/li>\n<li>Pr\u00e9venez les transactions frauduleuses, surveillez le vol et prot\u00e9gez-vous contre les activit\u00e9s criminelles.<\/li>\n<li>Traiter les paiements et les remboursements.<\/li>\n<li>Demander des commentaires et vous contacter au sujet de votre utilisation du Site.<\/li>\n<li>R\u00e9soudre les conflits et r\u00e9soudre les probl\u00e8mes.<\/li>\n<li>R\u00e9pondre aux demandes de produits et de service client.<\/li>\n<li>Je vous envoie une newsletter.<\/li>\n<\/ul>\n<p><strong>4. Divulgation de vos informations<\/strong><\/p>\n<p>Nous pouvons partager les informations que nous avons collect\u00e9es \u00e0 votre sujet dans certaines situations. Vos informations peuvent \u00eatre divulgu\u00e9es comme suit\u00a0:<\/p>\n<ul>\n<li><strong>Par la loi ou pour prot\u00e9ger les droits<\/strong>:Si nous pensons que la divulgation d&#039;informations vous concernant est n\u00e9cessaire pour r\u00e9pondre \u00e0 une proc\u00e9dure judiciaire, pour enqu\u00eater sur des violations potentielles de nos politiques ou pour rem\u00e9dier \u00e0 celles-ci, ou pour prot\u00e9ger les droits, la propri\u00e9t\u00e9 et la s\u00e9curit\u00e9 d&#039;autrui, nous pouvons partager vos informations comme le permet ou l&#039;exige toute loi, r\u00e8gle ou r\u00e9glementation applicable.<\/li>\n<li><strong>Fournisseurs de services tiers<\/strong>:Nous pouvons partager vos informations avec des tiers qui ex\u00e9cutent des services pour nous ou en notre nom, notamment le traitement des paiements, l&#039;analyse des donn\u00e9es, la livraison par courrier \u00e9lectronique, les services d&#039;h\u00e9bergement, le service client et l&#039;assistance marketing.<\/li>\n<\/ul>\n<p><strong>5. S\u00e9curit\u00e9 de vos informations<\/strong><\/p>\n<p>Nous utilisons des mesures de s\u00e9curit\u00e9 administratives, techniques et physiques pour prot\u00e9ger vos informations personnelles. Bien que nous ayons pris des mesures raisonnables pour s\u00e9curiser les informations personnelles que vous nous fournissez, sachez que malgr\u00e9 tous nos efforts, aucune mesure de s\u00e9curit\u00e9 n&#039;est parfaite ni infaillible, et qu&#039;aucune m\u00e9thode de transmission de donn\u00e9es ne peut garantir contre toute interception ou autre utilisation abusive.<\/p>\n<p><strong>6. Options concernant vos informations<\/strong><\/p>\n<p>Vous pouvez \u00e0 tout moment consulter ou modifier les informations de votre compte ou r\u00e9silier votre compte en nous contactant en utilisant les coordonn\u00e9es fournies.<\/p>\n<p><strong>7. Loi applicable<\/strong><\/p>\n<p>Cette politique est r\u00e9gie par les lois du Canada, sans \u00e9gard \u00e0 ses r\u00e8gles de conflit de lois.<\/p>\n<p><strong>8. Contactez-nous<\/strong><\/p>\n<p>Si vous avez des questions ou des commentaires sur cette politique de confidentialit\u00e9, veuillez nous contacter \u00e0 <a href=\"mailto:info@afroticket.ca\">info@afroticket.ca<\/a>.<\/p>\t\t\t\t\t\t\t\t<\/div>\n\t\t\t\t<\/div>\n\t\t\t\t\t<\/div>\n\t\t\t\t<\/div>\n\t\t\t\t<\/div>","protected":false},"excerpt":{"rendered":"<p>Last updated: [25-10-2024] 1. Introduction Afroticket is committed to protecting your privacy. This Privacy Policy explains how we collect, use, disclose, and safeguard your information when you visit our website and use our services. Please read this policy carefully. If you do not agree with the terms of this policy, do not access the site [&hellip;]<\/p>","protected":false},"author":1,"featured_media":0,"parent":0,"menu_order":0,"comment_status":"closed","ping_status":"closed","template":"elementor_header_footer","meta":{"footnotes":""},"class_list":["post-5495","page","type-page","status-publish","hentry"],"_links":{"self":[{"href":"https:\/\/afroticket.ca\/fr\/wp-json\/wp\/v2\/pages\/5495","targetHints":{"allow":["GET"]}}],"collection":[{"href":"https:\/\/afroticket.ca\/fr\/wp-json\/wp\/v2\/pages"}],"about":[{"href":"https:\/\/afroticket.ca\/fr\/wp-json\/wp\/v2\/types\/page"}],"author":[{"embeddable":true,"href":"https:\/\/afroticket.ca\/fr\/wp-json\/wp\/v2\/users\/1"}],"replies":[{"embeddable":true,"href":"https:\/\/afroticket.ca\/fr\/wp-json\/wp\/v2\/comments?post=5495"}],"version-history":[{"count":4,"href":"https:\/\/afroticket.ca\/fr\/wp-json\/wp\/v2\/pages\/5495\/revisions"}],"predecessor-version":[{"id":10644,"href":"https:\/\/afroticket.ca\/fr\/wp-json\/wp\/v2\/pages\/5495\/revisions\/10644"}],"wp:attachment":[{"href":"https:\/\/afroticket.ca\/fr\/wp-json\/wp\/v2\/media?parent=5495"}],"curies":[{"name":"wp","href":"https:\/\/api.w.org\/{rel}","templated":true}]}}