{"id":1583,"date":"2019-09-06T03:41:35","date_gmt":"2019-09-06T03:41:35","guid":{"rendered":"https:\/\/afroticket.ca\/?page_id=1583"},"modified":"2023-10-27T23:36:26","modified_gmt":"2023-10-28T03:36:26","slug":"page-de-recherche","status":"publish","type":"page","link":"https:\/\/afroticket.ca\/fr\/page-de-recherche\/","title":{"rendered":"Rechercher"},"content":{"rendered":"<div data-elementor-type=\"wp-page\" data-elementor-id=\"1583\" class=\"elementor elementor-1583\" data-elementor-post-type=\"page\">\n\t\t\t\t\t\t<section class=\"elementor-section elementor-top-section elementor-element elementor-element-a759d97 elementor-section-boxed elementor-section-height-default elementor-section-height-default\" data-id=\"a759d97\" data-element_type=\"section\" data-settings=\"{&quot;background_background&quot;:&quot;classic&quot;}\">\n\t\t\t\t\t\t<div class=\"elementor-container elementor-column-gap-default\">\n\t\t\t\t\t<div class=\"elementor-column elementor-col-100 elementor-top-column elementor-element elementor-element-ad8979c\" data-id=\"ad8979c\" data-element_type=\"column\">\n\t\t\t<div class=\"elementor-widget-wrap elementor-element-populated\">\n\t\t\t\t\t\t<div class=\"elementor-element elementor-element-cd489b8 elementor-widget__width-initial elementor-absolute elementor-widget elementor-widget-spacer\" data-id=\"cd489b8\" data-element_type=\"widget\" data-settings=\"{&quot;_position&quot;:&quot;absolute&quot;,&quot;motion_fx_motion_fx_mouse&quot;:&quot;yes&quot;,&quot;motion_fx_mouseTrack_effect&quot;:&quot;yes&quot;,&quot;motion_fx_mouseTrack_speed&quot;:{&quot;unit&quot;:&quot;px&quot;,&quot;size&quot;:0.5,&quot;sizes&quot;:[]}}\" data-widget_type=\"spacer.default\">\n\t\t\t\t<div class=\"elementor-widget-container\">\n\t\t\t\t\t\t\t<div class=\"elementor-spacer\">\n\t\t\t<div class=\"elementor-spacer-inner\"><\/div>\n\t\t<\/div>\n\t\t\t\t\t\t<\/div>\n\t\t\t\t<\/div>\n\t\t\t\t<section class=\"elementor-section elementor-inner-section elementor-element elementor-element-1ec36b1 elementor-section-boxed elementor-section-height-default elementor-section-height-default\" data-id=\"1ec36b1\" data-element_type=\"section\">\n\t\t\t\t\t\t<div class=\"elementor-container elementor-column-gap-default\">\n\t\t\t\t\t<div class=\"elementor-column elementor-col-100 elementor-inner-column elementor-element elementor-element-1776eaa\" data-id=\"1776eaa\" data-element_type=\"column\">\n\t\t\t<div class=\"elementor-widget-wrap elementor-element-populated\">\n\t\t\t\t\t\t<div class=\"elementor-element elementor-element-38a9573 elementor-widget elementor-widget-heading\" data-id=\"38a9573\" data-element_type=\"widget\" data-widget_type=\"heading.default\">\n\t\t\t\t<div class=\"elementor-widget-container\">\n\t\t\t\t\t<h2 class=\"elementor-heading-title elementor-size-default\">Trouvez des billets pour votre prochaine exp\u00e9rience unique. Avec Afroticket, d\u00e9couvrez des concerts, des \u00e9v\u00e9nements caritatifs, des festivals gastronomiques et musicaux, et bien plus encore.<\/h2>\t\t\t\t<\/div>\n\t\t\t\t<\/div>\n\t\t\t\t<div class=\"elementor-element elementor-element-178ce00 elementor-widget-divider--view-line elementor-widget elementor-widget-divider\" data-id=\"178ce00\" data-element_type=\"widget\" data-widget_type=\"divider.default\">\n\t\t\t\t<div class=\"elementor-widget-container\">\n\t\t\t\t\t\t\t<div class=\"elementor-divider\">\n\t\t\t<span class=\"elementor-divider-separator\">\n\t\t\t\t\t\t<\/span>\n\t\t<\/div>\n\t\t\t\t\t\t<\/div>\n\t\t\t\t<\/div>\n\t\t\t\t\t<\/div>\n\t\t<\/div>\n\t\t\t\t\t<\/div>\n\t\t<\/section>\n\t\t\t\t\t<\/div>\n\t\t<\/div>\n\t\t\t\t\t<\/div>\n\t\t<\/section>\n\t\t\t\t<section class=\"elementor-section elementor-top-section elementor-element elementor-element-1ef6e0d elementor-section-boxed elementor-section-height-default elementor-section-height-default\" data-id=\"1ef6e0d\" data-element_type=\"section\">\n\t\t\t\t\t\t<div class=\"elementor-container elementor-column-gap-default\">\n\t\t\t\t\t<div class=\"elementor-column elementor-col-100 elementor-top-column elementor-element elementor-element-1173d71\" data-id=\"1173d71\" data-element_type=\"column\">\n\t\t\t<div class=\"elementor-widget-wrap elementor-element-populated\">\n\t\t\t\t\t\t<div class=\"elementor-element elementor-element-3e44d26 elementor-widget elementor-widget-el_search_form\" data-id=\"3e44d26\" data-element_type=\"widget\" data-widget_type=\"el_search_form.default\">\n\t\t\t\t<div class=\"elementor-widget-container\">\n\t\t\t\t\t<div class=\"elementor_search_form\">\n\t<div class=\"el_search_filters wrap_form_search  type1  three_column\" >\n\n\t\t<form enctype=\"multipart\/form-data\" method=\"GET\" name=\"search_event\" action=\"https:\/\/afroticket.ca\/fr\/page-de-recherche\/\" autocomplete=\"off\" autocorrect=\"off\" autocapitalize=\"none\" data-trp-original-action=\"https:\/\/afroticket.ca\/fr\/page-de-recherche\/\" >\n\t\t\t\t\t\t\t\t\t<div class=\"name_event field_search\">\n\t\t\t\t\t\t\t\t\t\t\t\t\t\t<input type=\"text\" class=\"form-control\" placeholder=\"Enter name ...\" name=\"name_event\" value=\"\" autocomplete=\"off\" autocorrect=\"off\" autocapitalize=\"none\" \/>\n\t\t\t\t\t\t<\/div>\n\t\t\t\t\t\t\t\t\t\t\t\t<div class=\"categories field_search\">\n\t\t\t\t\t\t\t\n\t\t\t\t\t\t\t \t\t\t\t\t\t\t<select  name='cat' id='cat' class='postform'>\n\t<option value='' selected='selected'>Select Category<\/option>\n\t<option class=\"level-0\" value=\"business\">Entreprise<\/option>\n\t<option class=\"level-0\" value=\"concert\">Concert<\/option>\n\t<option class=\"level-0\" value=\"conference\">Conf\u00e9rence<\/option>\n\t<option class=\"level-0\" value=\"education\">\u00c9ducation<\/option>\n\t<option class=\"level-0\" value=\"fashion\">Mode<\/option>\n\t<option class=\"level-0\" value=\"festival\">Festival<\/option>\n\t<option class=\"level-0\" value=\"food-drink\">Nourriture et boissons<\/option>\n\t<option class=\"level-0\" value=\"other\">Autre<\/option>\n\t<option class=\"level-0\" value=\"sport\">Sport<\/option>\n<\/select>\n\n\t\t\t\t\t\t<\/div>\n\n\n\t\t\t\t\t\t\t\t\t\t\t\t\t<div class=\"field_search event_type\">\n\t\t\t\t\t\t\t\t\t\t\t\t\t\t\t\t<select name=\"event_type\" id=\"\">\n\t\t\t\t\t\t\t\t\t<option value=\"\">\n\t\t\t\t\t\t\t\t\t\tSelect Type Event\t\t\t\t\t\t\t\t\t<\/option>\n\t\t\t\t\t\t\t\t\t<option value=\"online\"  >\n\t\t\t\t\t\t\t\t\t\tOnline\t\t\t\t\t\t\t\t\t<\/option>\n\t\t\t\t\t\t\t\t\t<option value=\"classic\" >\n\t\t\t\t\t\t\t\t\t\tOffline\t\t\t\t\t\t\t\t\t<\/option>\n\t\t\t\t\t\t\t\t<\/select>\n\t\t\t\t\t\t\t<\/div>\n\t\t\t\t\t\t\t\t\t\t\t<div class=\"field_search\">\n\t\t\t\t\t\t<select name=\"elprice\" class=\"selectpicker\">\n\t\t\t\t\t\t\t<option value=\"\">Select <\/option>\n\t\t\t\t\t\t\t\t\t\t\t\t\t<\/select>\n\t\t\t\t\t<\/div>\n\t\t\t\t\t\n\t\t\t\t\t\t\n\t\t\t\n\t\t\t<div class=\"el_submit_search\">\n\t\t\t\t<input type=\"submit\" value=\"Recherche\" class=\"second_font\" \/>\n\t\t\t<\/div>\n\n\t\t<input type=\"hidden\" name=\"trp-form-language\" value=\"fr\"\/><\/form>\n\n\t<\/div>\n<\/div>\n\t\t\t\t<\/div>\n\t\t\t\t<\/div>\n\t\t\t\t\t<\/div>\n\t\t<\/div>\n\t\t\t\t\t<\/div>\n\t\t<\/section>\n\t\t\t\t<section class=\"elementor-section elementor-top-section elementor-element elementor-element-9c7761a elementor-section-full_width elementor-section-height-default elementor-section-height-default\" data-id=\"9c7761a\" data-element_type=\"section\">\n\t\t\t\t\t\t<div class=\"elementor-container elementor-column-gap-default\">\n\t\t\t\t\t<div class=\"elementor-column elementor-col-100 elementor-top-column elementor-element elementor-element-f47b8cf\" data-id=\"f47b8cf\" data-element_type=\"column\">\n\t\t\t<div class=\"elementor-widget-wrap elementor-element-populated\">\n\t\t\t\t\t\t<div class=\"elementor-element elementor-element-f99ca92 elementor-widget elementor-widget-el_search_result\" data-id=\"f99ca92\" data-element_type=\"widget\" data-widget_type=\"el_search_result.default\">\n\t\t\t\t<div class=\"elementor-widget-container\">\n\t\t\t\t\t\n<div class=\"event_archive type1 three-column\" >\n\n\t\n<div class=\"event_entry\">\n\t<div class=\"event_item type1\">\n\t\t\t\t<div class=\"event_thumbnail\">\n\t\t\t\n\t\n\t\t<div class=\"thumbnail_figure\">\n\n\t\t\t<!-- Thumbnail -->\n\t\t\t<a href=\"https:\/\/afroticket.ca\/fr\/evenement\/evenement-gratuit\/\">\n\t\t\t\t<img decoding=\"async\" src=\"https:\/\/afroticket.ca\/wp-content\/uploads\/2019\/09\/ev6-710x355.jpg \" alt=\"\u00c9v\u00e9nement gratuit\" \/>\n\t\t\t<\/a>\n\t\t\t\n\t\t<\/div>\n\n\n\n\n\t\n\n\n\t\n\t\n\t<div class=\"el_event_feature\" data-tippy-content=\"Feature\">\n\t\t\t<\/div>\n\n\t<div class=\"img-author\">\n\n\t\t<!-- Thumbnail -->\n\t\t<a href=\"https:\/\/afroticket.ca\/fr\/author\/adminafroticket\/ \">\n\t\t\t<img decoding=\"async\" src=\"https:\/\/afroticket.ca\/wp-content\/plugins\/eventlist\/assets\/img\/unknow_user.png\" alt=\"author vendor\">\n\t\t<\/a>\n\t\t\n\t<\/div>\n\n\t<span class=\"event_meta_cat\">\n\t\t<!-- category -->\n\t\t\t\t\t<a style= \"&#039;background-color:\" #82b7ea&#039; href=\"https:\/\/afroticket.ca\/fr\/evenement_chat-2\/conference\/\">Conf\u00e9rence<\/a>\n\t\t\t\t<\/span>\n\t<a href=\"javascript: void(0)\"\n\tclass=\"event-loop-favourite el-wishlist\"\n\trole=\"button\" aria-label=\"add to wishlist\"\n\tdata-id=\"2393\">\n\t<i class=\"fa fa-heart-o\"><\/i>\n<\/a>\t\t<\/div>\n\n\t\t<div class=\"event_detail\">\n\t\t\t\n\t\t\t<h2 class=\"loop_title\">\n\t<a class=\"second_font\" href=\"https:\/\/afroticket.ca\/fr\/evenement\/evenement-gratuit\/ \">\n\t\t\u00c9v\u00e9nement gratuit\t<\/a>\n<\/h2>\n\n\n\t\t\t\n\t\t\t <div class=\"event-location-time\">\n\t\t\t \t\n\t\t\t\t\t<div class=\"event-time\">\n\n\t\t<span class=\"event-icon\"><i class=\"icon_clock_alt\" ><\/i><\/span>\n\t\t<span class=\"time\">\n\t\t\tjeu 28 septembre 2028 18h45 - 20h00<span class='timezone'>UTC+12<\/span>\t\t<\/span>\n\t<\/div>\n\n\n\t\t\t\t<div class=\"location-rating\">\n\t\t\t \t\t\n\t\t\t<div class=\"event_location\">\n\t\t\t\t\t\t\t\t\t\n\t\t\t\t\t<span class=\"event-icon\"><i class=\"icon_pin_alt\"><\/i><\/span>\n\n\t\t\t\t\t\t\t\t\t\t\t\t\n\t\t\t\t\t\t\t<a href=\"https:\/\/afroticket.ca\/fr\/evenement_loc-2\/bois-du-lac\/\">\n\t\t\t\t\t\t\t\tLakewood\t\t\t\t\t\t\t<\/a>\n\t\t\t\t\t\t\t<span class=\"separator\">\n\t\t\t\t\t\t\t\t,\t\t\t\t\t\t\t<\/span>\n\n\t\t\t\t\t\t\t\t\t\t\t\t\t\t\n\t\t\t\t\t\t\t<a href=\"https:\/\/afroticket.ca\/fr\/evenement_loc-2\/colorado\/\">\n\t\t\t\t\t\t\t\tColorado\t\t\t\t\t\t\t<\/a>\n\t\t\t\t\t\t\t<span class=\"separator\">\n\t\t\t\t\t\t\t\t\t\t\t\t\t\t\t<\/span>\n\n\t\t\t\t\t\t\t\t\t\t<\/div>\n\t\n\t\n<span class=\"event_ratting\">\n\t<\/span>\t\t\t \t<\/div>\n\t\t\t \t\n\t\t\t <\/div>\n\n\t\t\t <div class=\"meta-footer\">\n\t\t\t \t\n\t\t\t \t<span class=\"event-button\">\n\t<a class=\"second_font\" href=\"https:\/\/afroticket.ca\/fr\/evenement\/evenement-gratuit\/\">Get Ticket<\/a>\n<\/span><span class=\"event_loop_price second_font\">&#036; 5.00<\/span>\n\t\t\t <\/div>\n\n\t\t<\/div>\n\n\t<\/div>\n\t\n<\/div>\n\n\n\n\n<\/div>\n\n\t\t\t\t<\/div>\n\t\t\t\t<\/div>\n\t\t\t\t\t<\/div>\n\t\t<\/div>\n\t\t\t\t\t<\/div>\n\t\t<\/section>\n\t\t\t\t<\/div>","protected":false},"excerpt":{"rendered":"<p>Find tickets to your next unique experience. With Afroticket, browse concerts, charity events, food and music festivals, and more.. Select CategoryBusinessConcert&nbsp;&nbsp;&nbsp;MusicConferenceEducationFashionFestivalFood &amp; DrinkOtherSporttest cate Select Type Event Online Offline Select PriceFreeHigh PriceLow PricePaid Education Affiliate \u2013 External Link Thu, September 28, 2028, 7:30 am Fresno , California Get Ticket $79 Sport Anacortes Bier on the [&hellip;]<\/p>","protected":false},"author":1,"featured_media":0,"parent":0,"menu_order":0,"comment_status":"closed","ping_status":"closed","template":"elementor_header_footer","meta":{"footnotes":""},"class_list":["post-1583","page","type-page","status-publish","hentry"],"_links":{"self":[{"href":"https:\/\/afroticket.ca\/fr\/wp-json\/wp\/v2\/pages\/1583","targetHints":{"allow":["GET"]}}],"collection":[{"href":"https:\/\/afroticket.ca\/fr\/wp-json\/wp\/v2\/pages"}],"about":[{"href":"https:\/\/afroticket.ca\/fr\/wp-json\/wp\/v2\/types\/page"}],"author":[{"embeddable":true,"href":"https:\/\/afroticket.ca\/fr\/wp-json\/wp\/v2\/users\/1"}],"replies":[{"embeddable":true,"href":"https:\/\/afroticket.ca\/fr\/wp-json\/wp\/v2\/comments?post=1583"}],"version-history":[{"count":10,"href":"https:\/\/afroticket.ca\/fr\/wp-json\/wp\/v2\/pages\/1583\/revisions"}],"predecessor-version":[{"id":10804,"href":"https:\/\/afroticket.ca\/fr\/wp-json\/wp\/v2\/pages\/1583\/revisions\/10804"}],"wp:attachment":[{"href":"https:\/\/afroticket.ca\/fr\/wp-json\/wp\/v2\/media?parent=1583"}],"curies":[{"name":"wp","href":"https:\/\/api.w.org\/{rel}","templated":true}]}}