{"id":1045,"date":"2019-08-26T11:15:50","date_gmt":"2019-08-26T15:15:50","guid":{"rendered":"https:\/\/afroticket.ca\/?page_id=1045"},"modified":"2023-10-27T21:53:25","modified_gmt":"2023-10-28T01:53:25","slug":"plans-tarifaires","status":"publish","type":"page","link":"https:\/\/afroticket.ca\/fr\/plans-tarifaires\/","title":{"rendered":"Plans tarifaires"},"content":{"rendered":"<div data-elementor-type=\"wp-post\" data-elementor-id=\"1045\" class=\"elementor elementor-1045\" data-elementor-post-type=\"page\">\n\t\t\t\t\t\t<section class=\"elementor-section elementor-top-section elementor-element elementor-element-17c0118 elementor-section-boxed elementor-section-height-default elementor-section-height-default\" data-id=\"17c0118\" data-element_type=\"section\" data-settings=\"{&quot;background_background&quot;:&quot;classic&quot;}\">\n\t\t\t\t\t\t<div class=\"elementor-container elementor-column-gap-default\">\n\t\t\t\t\t<div class=\"elementor-column elementor-col-100 elementor-top-column elementor-element elementor-element-fcef11f\" data-id=\"fcef11f\" data-element_type=\"column\">\n\t\t\t<div class=\"elementor-widget-wrap elementor-element-populated\">\n\t\t\t\t\t\t<div class=\"elementor-element elementor-element-112753f elementor-widget__width-initial elementor-absolute elementor-widget elementor-widget-spacer\" data-id=\"112753f\" data-element_type=\"widget\" data-settings=\"{&quot;_position&quot;:&quot;absolute&quot;,&quot;motion_fx_motion_fx_mouse&quot;:&quot;yes&quot;,&quot;motion_fx_mouseTrack_effect&quot;:&quot;yes&quot;,&quot;motion_fx_mouseTrack_speed&quot;:{&quot;unit&quot;:&quot;px&quot;,&quot;size&quot;:0.5,&quot;sizes&quot;:[]}}\" data-widget_type=\"spacer.default\">\n\t\t\t\t<div class=\"elementor-widget-container\">\n\t\t\t\t\t\t\t<div class=\"elementor-spacer\">\n\t\t\t<div class=\"elementor-spacer-inner\"><\/div>\n\t\t<\/div>\n\t\t\t\t\t\t<\/div>\n\t\t\t\t<\/div>\n\t\t\t\t<section class=\"elementor-section elementor-inner-section elementor-element elementor-element-d08d6cc elementor-section-boxed elementor-section-height-default elementor-section-height-default\" data-id=\"d08d6cc\" data-element_type=\"section\">\n\t\t\t\t\t\t<div class=\"elementor-container elementor-column-gap-default\">\n\t\t\t\t\t<div class=\"elementor-column elementor-col-100 elementor-inner-column elementor-element elementor-element-39183e9\" data-id=\"39183e9\" data-element_type=\"column\">\n\t\t\t<div class=\"elementor-widget-wrap elementor-element-populated\">\n\t\t\t\t\t\t<div class=\"elementor-element elementor-element-11f8524 elementor-widget-divider--view-line elementor-widget elementor-widget-divider\" data-id=\"11f8524\" data-element_type=\"widget\" data-widget_type=\"divider.default\">\n\t\t\t\t<div class=\"elementor-widget-container\">\n\t\t\t\t\t\t\t<div class=\"elementor-divider\">\n\t\t\t<span class=\"elementor-divider-separator\">\n\t\t\t\t\t\t<\/span>\n\t\t<\/div>\n\t\t\t\t\t\t<\/div>\n\t\t\t\t<\/div>\n\t\t\t\t\t<\/div>\n\t\t<\/div>\n\t\t\t\t\t<\/div>\n\t\t<\/section>\n\t\t\t\t<div class=\"elementor-element elementor-element-2f0d18c elementor-widget elementor-widget-heading\" data-id=\"2f0d18c\" data-element_type=\"widget\" data-widget_type=\"heading.default\">\n\t\t\t\t<div class=\"elementor-widget-container\">\n\t\t\t\t\t<h2 class=\"elementor-heading-title elementor-size-default\">Aftoticket lance de nouveaux forfaits tarifaires pour les organisateurs au Canada. Si vous \u00eates concern\u00e9 par ces nouveaux forfaits, des frais d&#039;organisateur seront appliqu\u00e9s pour la publication d&#039;\u00e9v\u00e9nements de plus de 25 billets. Le montant de ces frais est calcul\u00e9 en fonction de la taille de l&#039;\u00e9v\u00e9nement. Cela inclut les \u00e9v\u00e9nements gratuits et les \u00e9v\u00e9nements payants. Si vous publiez fr\u00e9quemment des \u00e9v\u00e9nements, vous pouvez opter pour un abonnement mensuel. Quel que soit le forfait choisi, vous aurez acc\u00e8s \u00e0 l&#039;ensemble des outils de gestion d&#039;\u00e9v\u00e9nements et de marketing d&#039;Aftoticket.<\/h2>\t\t\t\t<\/div>\n\t\t\t\t<\/div>\n\t\t\t\t\t<\/div>\n\t\t<\/div>\n\t\t\t\t\t<\/div>\n\t\t<\/section>\n\t\t\t\t<section class=\"elementor-section elementor-top-section elementor-element elementor-element-dfde639 elementor-section-boxed elementor-section-height-default elementor-section-height-default\" data-id=\"dfde639\" data-element_type=\"section\" data-settings=\"{&quot;background_background&quot;:&quot;classic&quot;}\">\n\t\t\t\t\t\t<div class=\"elementor-container elementor-column-gap-default\">\n\t\t\t\t\t<div class=\"elementor-column elementor-col-100 elementor-top-column elementor-element elementor-element-900bed9\" data-id=\"900bed9\" data-element_type=\"column\">\n\t\t\t<div class=\"elementor-widget-wrap elementor-element-populated\">\n\t\t\t\t\t\t<div class=\"elementor-element elementor-element-4a166a0 elementor-widget elementor-widget-el_package\" data-id=\"4a166a0\" data-element_type=\"widget\" data-widget_type=\"el_package.default\">\n\t\t\t\t<div class=\"elementor-widget-container\">\n\t\t\t\t\t<div class=\"element_package\">\n\t\n<div class=\"packages_list\">\n\t\t\t\n\t\n\t\n\t\t\t\t<div class=\"item\">\n\n\t\t\t\t\t\t\t<h3>D\u00e9faut<\/h3>\n\t\t\t\n\t\t\t\t\t\t\t<div class=\"price\">\n\t\t\t\t\t\t\t\t\t\t&#36; 0.00<span class=\"slash\">\/<\/span><span class=\"time\">7 Days<\/span>\t\t\t\t<\/div>\n\t\t\t\n\t\t\t\t\t\t\t<ul>\n\t\t\t\t\t<li class=\"paid_ticket\">\n\t\t\t\t\t\tTotal Event<br\/>\n\t\t\t\t\t\t<span class=\"value\">1<\/span>\n\t\t\t\t\t<\/li>\n\t\t\t\t\t\n\t\t\t\t\t\t\t\t\t\t\t<li class=\"paid_ticket\">\n\t\t\t\t\t\t\tFee per paid ticket<br\/>\n\t\t\t\t\t\t\t<span class=\"value\">\n\t\t\t\t\t\t\t\t2%<span>+<\/span>&#36; 2.99\t\t\t\t\t\t\t<\/span>\n\t\t\t\t\t\t<\/li>\n\t\t\t\t\t\n\t\t\t\t\t\n\t\t\t\t\t<li class=\"list_attendees\">\n\t\t\t\t\t\t\t\t\t\t\t\t\t<i class=\"icon_close pclose\"><\/i>\n\t\t\t\t\t\t\t\t\t\t\t\tList attendees\t\t\t\t\t<\/li>\n\n\t\t\t\t\t<li class=\"export_tickets\">\n\t\t\t\t\t\t\t\t\t\t\t\t\t<i class=\"icon_close pclose\"><\/i>\n\t\t\t\t\t\t\t\t\t\t\t\tExport attendees\t\t\t\t\t<\/li>\n\n\t\t\t\t\t<li class=\"list_tickets\">\n\t\t\t\t\t\t\t\t\t\t\t\t\t<i class=\"icon_close pclose\"><\/i>\n\t\t\t\t\t\t\t\t\t\t\t\tList tickets\t\t\t\t\t<\/li>\n\n\t\t\t\t\t<li class=\"export_tickets\">\n\t\t\t\t\t\t\t\t\t\t\t\t\t<i class=\"icon_close pclose\"><\/i>\n\t\t\t\t\t\t\t\t\t\t\t\tExport tickets\t\t\t\t\t<\/li>\n\n\t\t\t\t\t<li class=\"change_tax\">\n\t\t\t\t\t\t\t\t\t\t\t\t\t<i class=\"icon_close pclose\"><\/i>\n\t\t\t\t\t\t\t\t\t\t\t\tChange Tax\t\t\t\t\t<\/li>\n\t\t\t\t<\/ul>\n\n\t\t\t\t\t\t\n\t\t\t<div class=\"package_content\">\n\t\t\t\t\t\t\t<\/div>\n\n\t\t\t\t\t\t\t\t\t\t\n\t\t\t\t<button class=\"register_package button\"\n\t\t\t\tdata-nonce=\"5526425b60\"\n\t\t\t\tdata-currency=\"cad\"\n\t\t\t\tdata-price=\"0\"\n\t\t\t\tdata-package=\"Default\"\n\t\t\t\tdata-pid=\"1559\">Register Package<\/button>\n\t\t\t\t\n\t\t\t\t\t<\/div>\n\t\n\t\t\t\t<div class=\"item\">\n\n\t\t\t\t\t\t\t<h3>Entreprise<\/h3>\n\t\t\t\n\t\t\t\t\t\t\t<div class=\"price\">\n\t\t\t\t\t\t\t\t\t\t&#36; 69.99<span class=\"slash\">\/<\/span><span class=\"time\">60 Days<\/span>\t\t\t\t<\/div>\n\t\t\t\n\t\t\t\t\t\t\t<ul>\n\t\t\t\t\t<li class=\"paid_ticket\">\n\t\t\t\t\t\tTotal Event<br\/>\n\t\t\t\t\t\t<span class=\"value\">10<\/span>\n\t\t\t\t\t<\/li>\n\t\t\t\t\t\n\t\t\t\t\t\t\t\t\t\t\t<li class=\"paid_ticket\">\n\t\t\t\t\t\t\tFee per paid ticket<br\/>\n\t\t\t\t\t\t\t<span class=\"value\">\n\t\t\t\t\t\t\t\t3%<span>+<\/span>&#36; 2.99\t\t\t\t\t\t\t<\/span>\n\t\t\t\t\t\t<\/li>\n\t\t\t\t\t\n\t\t\t\t\t\n\t\t\t\t\t<li class=\"list_attendees\">\n\t\t\t\t\t\t\t\t\t\t\t\t\t<i class=\"icon_check pcheck\"><\/i>\n\t\t\t\t\t\t\t\t\t\t\t\tList attendees\t\t\t\t\t<\/li>\n\n\t\t\t\t\t<li class=\"export_tickets\">\n\t\t\t\t\t\t\t\t\t\t\t\t\t<i class=\"icon_check pcheck\"><\/i>\n\t\t\t\t\t\t\t\t\t\t\t\tExport attendees\t\t\t\t\t<\/li>\n\n\t\t\t\t\t<li class=\"list_tickets\">\n\t\t\t\t\t\t\t\t\t\t\t\t\t<i class=\"icon_check pcheck\"><\/i>\n\t\t\t\t\t\t\t\t\t\t\t\tList tickets\t\t\t\t\t<\/li>\n\n\t\t\t\t\t<li class=\"export_tickets\">\n\t\t\t\t\t\t\t\t\t\t\t\t\t<i class=\"icon_check pcheck\"><\/i>\n\t\t\t\t\t\t\t\t\t\t\t\tExport tickets\t\t\t\t\t<\/li>\n\n\t\t\t\t\t<li class=\"change_tax\">\n\t\t\t\t\t\t\t\t\t\t\t\t\t<i class=\"icon_close pclose\"><\/i>\n\t\t\t\t\t\t\t\t\t\t\t\tChange Tax\t\t\t\t\t<\/li>\n\t\t\t\t<\/ul>\n\n\t\t\t\t\t\t\n\t\t\t<div class=\"package_content\">\n\t\t\t\t\t\t\t<\/div>\n\n\t\t\t\t\t\t\t\t\t\t\n\t\t\t\t<button class=\"register_package button\"\n\t\t\t\tdata-nonce=\"5526425b60\"\n\t\t\t\tdata-currency=\"cad\"\n\t\t\t\tdata-price=\"69.99\"\n\t\t\t\tdata-package=\"Business\"\n\t\t\t\tdata-pid=\"8534\">Register Package<\/button>\n\t\t\t\t\n\t\t\t\t\t<\/div>\n\t\n\t\t\t\t<div class=\"item\">\n\n\t\t\t\t\t\t\t<h3>Entreprise<\/h3>\n\t\t\t\n\t\t\t\t\t\t\t<div class=\"price\">\n\t\t\t\t\t\t\t\t\t\t&#36; 89.99<span class=\"slash\">\/<\/span><span class=\"time\">Unlimit<\/span>\t\t\t\t<\/div>\n\t\t\t\n\t\t\t\t\t\t\t<ul>\n\t\t\t\t\t<li class=\"paid_ticket\">\n\t\t\t\t\t\tTotal Event<br\/>\n\t\t\t\t\t\t<span class=\"value\">50<\/span>\n\t\t\t\t\t<\/li>\n\t\t\t\t\t\n\t\t\t\t\t\t\t\t\t\t\t<li class=\"paid_ticket\">\n\t\t\t\t\t\t\tFee per paid ticket<br\/>\n\t\t\t\t\t\t\t<span class=\"value\">\n\t\t\t\t\t\t\t\t5%<span>+<\/span>&#36; 2.99\t\t\t\t\t\t\t<\/span>\n\t\t\t\t\t\t<\/li>\n\t\t\t\t\t\n\t\t\t\t\t\n\t\t\t\t\t<li class=\"list_attendees\">\n\t\t\t\t\t\t\t\t\t\t\t\t\t<i class=\"icon_check pcheck\"><\/i>\n\t\t\t\t\t\t\t\t\t\t\t\tList attendees\t\t\t\t\t<\/li>\n\n\t\t\t\t\t<li class=\"export_tickets\">\n\t\t\t\t\t\t\t\t\t\t\t\t\t<i class=\"icon_check pcheck\"><\/i>\n\t\t\t\t\t\t\t\t\t\t\t\tExport attendees\t\t\t\t\t<\/li>\n\n\t\t\t\t\t<li class=\"list_tickets\">\n\t\t\t\t\t\t\t\t\t\t\t\t\t<i class=\"icon_check pcheck\"><\/i>\n\t\t\t\t\t\t\t\t\t\t\t\tList tickets\t\t\t\t\t<\/li>\n\n\t\t\t\t\t<li class=\"export_tickets\">\n\t\t\t\t\t\t\t\t\t\t\t\t\t<i class=\"icon_check pcheck\"><\/i>\n\t\t\t\t\t\t\t\t\t\t\t\tExport tickets\t\t\t\t\t<\/li>\n\n\t\t\t\t\t<li class=\"change_tax\">\n\t\t\t\t\t\t\t\t\t\t\t\t\t<i class=\"icon_check pcheck\"><\/i>\n\t\t\t\t\t\t\t\t\t\t\t\tChange Tax\t\t\t\t\t<\/li>\n\t\t\t\t<\/ul>\n\n\t\t\t\t\t\t\n\t\t\t<div class=\"package_content\">\n\t\t\t\t\t\t\t<\/div>\n\n\t\t\t\t\t\t\t\t\t\t\n\t\t\t\t<button class=\"register_package button\"\n\t\t\t\tdata-nonce=\"5526425b60\"\n\t\t\t\tdata-currency=\"cad\"\n\t\t\t\tdata-price=\"89.99\"\n\t\t\t\tdata-package=\"Company\"\n\t\t\t\tdata-pid=\"961\">Register Package<\/button>\n\t\t\t\t\n\t\t\t\t\t<\/div>\n\t<\/div><\/div>\n\t\t\t\t<\/div>\n\t\t\t\t<\/div>\n\t\t\t\t\t<\/div>\n\t\t<\/div>\n\t\t\t\t\t<\/div>\n\t\t<\/section>\n\t\t\t\t<\/div>","protected":false},"excerpt":{"rendered":"<p>Aftoticket is introducing new pricing plans to organizers in Canada. If you\u2019re affected by these new plans, there will be an Organizer Fee to publish events with more than 25 tickets. The amount of the fee is based on the size of the event. This includes free events and events with paid tickets. If you [&hellip;]<\/p>","protected":false},"author":1,"featured_media":0,"parent":0,"menu_order":0,"comment_status":"closed","ping_status":"closed","template":"elementor_header_footer","meta":{"footnotes":""},"class_list":["post-1045","page","type-page","status-publish","hentry"],"_links":{"self":[{"href":"https:\/\/afroticket.ca\/fr\/wp-json\/wp\/v2\/pages\/1045","targetHints":{"allow":["GET"]}}],"collection":[{"href":"https:\/\/afroticket.ca\/fr\/wp-json\/wp\/v2\/pages"}],"about":[{"href":"https:\/\/afroticket.ca\/fr\/wp-json\/wp\/v2\/types\/page"}],"author":[{"embeddable":true,"href":"https:\/\/afroticket.ca\/fr\/wp-json\/wp\/v2\/users\/1"}],"replies":[{"embeddable":true,"href":"https:\/\/afroticket.ca\/fr\/wp-json\/wp\/v2\/comments?post=1045"}],"version-history":[{"count":7,"href":"https:\/\/afroticket.ca\/fr\/wp-json\/wp\/v2\/pages\/1045\/revisions"}],"predecessor-version":[{"id":10700,"href":"https:\/\/afroticket.ca\/fr\/wp-json\/wp\/v2\/pages\/1045\/revisions\/10700"}],"wp:attachment":[{"href":"https:\/\/afroticket.ca\/fr\/wp-json\/wp\/v2\/media?parent=1045"}],"curies":[{"name":"wp","href":"https:\/\/api.w.org\/{rel}","templated":true}]}}